{"id":1459,"date":"2022-06-30T01:42:21","date_gmt":"2022-06-30T01:42:21","guid":{"rendered":"https:\/\/rumco.es\/?page_id=1459"},"modified":"2024-12-16T10:50:18","modified_gmt":"2024-12-16T10:50:18","slug":"aviso-legal-y-condiciones-de-uso","status":"publish","type":"page","link":"https:\/\/rumco.es\/es\/aviso-legal-y-condiciones-de-uso\/","title":{"rendered":"Aviso legal y condiciones de uso"},"content":{"rendered":"\t\t<div data-elementor-type=\"wp-page\" data-elementor-id=\"1459\" class=\"elementor elementor-1459 elementor-956\">\n\t\t\t\t\t\t\t\t\t<section class=\"elementor-section elementor-top-section elementor-element elementor-element-670ecf4 elementor-section-stretched legal-pages elementor-section-boxed elementor-section-height-default elementor-section-height-default\" data-id=\"670ecf4\" data-element_type=\"section\" data-settings=\"{&quot;stretch_section&quot;:&quot;section-stretched&quot;}\">\n\t\t\t\t\t\t<div class=\"elementor-container elementor-column-gap-default\">\n\t\t\t\t\t<div class=\"elementor-column elementor-col-100 elementor-top-column elementor-element elementor-element-092464d\" data-id=\"092464d\" data-element_type=\"column\">\n\t\t\t<div class=\"elementor-widget-wrap elementor-element-populated\">\n\t\t\t\t\t\t\t\t<div class=\"elementor-element elementor-element-0ed92ac animated-slow elementor-widget elementor-widget-text-editor\" data-id=\"0ed92ac\" data-element_type=\"widget\" data-settings=\"{&quot;_animation&quot;:&quot;none&quot;}\" data-widget_type=\"text-editor.default\">\n\t\t\t\t<div class=\"elementor-widget-container\">\n\t\t\t<style>\/*! elementor - v3.16.0 - 09-10-2023 *\/\n.elementor-widget-text-editor.elementor-drop-cap-view-stacked .elementor-drop-cap{background-color:#69727d;color:#fff}.elementor-widget-text-editor.elementor-drop-cap-view-framed .elementor-drop-cap{color:#69727d;border:3px solid;background-color:transparent}.elementor-widget-text-editor:not(.elementor-drop-cap-view-default) .elementor-drop-cap{margin-top:8px}.elementor-widget-text-editor:not(.elementor-drop-cap-view-default) .elementor-drop-cap-letter{width:1em;height:1em}.elementor-widget-text-editor .elementor-drop-cap{float:left;text-align:center;line-height:1;font-size:50px}.elementor-widget-text-editor .elementor-drop-cap-letter{display:inline-block}<\/style>\t\t\t\t<h1>Aviso legal y condiciones de uso<\/h1>\t\t\t\t\t\t<\/div>\n\t\t\t\t<\/div>\n\t\t\t\t<div class=\"elementor-element elementor-element-d4fb59a elementor-widget-divider--view-line elementor-widget elementor-widget-divider\" data-id=\"d4fb59a\" data-element_type=\"widget\" data-widget_type=\"divider.default\">\n\t\t\t\t<div class=\"elementor-widget-container\">\n\t\t\t<style>\/*! elementor - v3.16.0 - 09-10-2023 *\/\n.elementor-widget-divider{--divider-border-style:none;--divider-border-width:1px;--divider-color:#0c0d0e;--divider-icon-size:20px;--divider-element-spacing:10px;--divider-pattern-height:24px;--divider-pattern-size:20px;--divider-pattern-url:none;--divider-pattern-repeat:repeat-x}.elementor-widget-divider .elementor-divider{display:flex}.elementor-widget-divider .elementor-divider__text{font-size:15px;line-height:1;max-width:95%}.elementor-widget-divider .elementor-divider__element{margin:0 var(--divider-element-spacing);flex-shrink:0}.elementor-widget-divider .elementor-icon{font-size:var(--divider-icon-size)}.elementor-widget-divider .elementor-divider-separator{display:flex;margin:0;direction:ltr}.elementor-widget-divider--view-line_icon .elementor-divider-separator,.elementor-widget-divider--view-line_text .elementor-divider-separator{align-items:center}.elementor-widget-divider--view-line_icon .elementor-divider-separator:after,.elementor-widget-divider--view-line_icon .elementor-divider-separator:before,.elementor-widget-divider--view-line_text .elementor-divider-separator:after,.elementor-widget-divider--view-line_text .elementor-divider-separator:before{display:block;content:\"\";border-bottom:0;flex-grow:1;border-top:var(--divider-border-width) var(--divider-border-style) var(--divider-color)}.elementor-widget-divider--element-align-left .elementor-divider .elementor-divider-separator>.elementor-divider__svg:first-of-type{flex-grow:0;flex-shrink:100}.elementor-widget-divider--element-align-left .elementor-divider-separator:before{content:none}.elementor-widget-divider--element-align-left .elementor-divider__element{margin-left:0}.elementor-widget-divider--element-align-right .elementor-divider .elementor-divider-separator>.elementor-divider__svg:last-of-type{flex-grow:0;flex-shrink:100}.elementor-widget-divider--element-align-right .elementor-divider-separator:after{content:none}.elementor-widget-divider--element-align-right .elementor-divider__element{margin-right:0}.elementor-widget-divider:not(.elementor-widget-divider--view-line_text):not(.elementor-widget-divider--view-line_icon) .elementor-divider-separator{border-top:var(--divider-border-width) var(--divider-border-style) var(--divider-color)}.elementor-widget-divider--separator-type-pattern{--divider-border-style:none}.elementor-widget-divider--separator-type-pattern.elementor-widget-divider--view-line .elementor-divider-separator,.elementor-widget-divider--separator-type-pattern:not(.elementor-widget-divider--view-line) .elementor-divider-separator:after,.elementor-widget-divider--separator-type-pattern:not(.elementor-widget-divider--view-line) .elementor-divider-separator:before,.elementor-widget-divider--separator-type-pattern:not([class*=elementor-widget-divider--view]) .elementor-divider-separator{width:100%;min-height:var(--divider-pattern-height);-webkit-mask-size:var(--divider-pattern-size) 100%;mask-size:var(--divider-pattern-size) 100%;-webkit-mask-repeat:var(--divider-pattern-repeat);mask-repeat:var(--divider-pattern-repeat);background-color:var(--divider-color);-webkit-mask-image:var(--divider-pattern-url);mask-image:var(--divider-pattern-url)}.elementor-widget-divider--no-spacing{--divider-pattern-size:auto}.elementor-widget-divider--bg-round{--divider-pattern-repeat:round}.rtl .elementor-widget-divider .elementor-divider__text{direction:rtl}.e-con-inner>.elementor-widget-divider,.e-con>.elementor-widget-divider{width:var(--container-widget-width,100%);--flex-grow:var(--container-widget-flex-grow)}<\/style>\t\t<div class=\"elementor-divider\">\n\t\t\t<span class=\"elementor-divider-separator\">\n\t\t\t\t\t\t<\/span>\n\t\t<\/div>\n\t\t\t\t<\/div>\n\t\t\t\t<\/div>\n\t\t\t\t<div class=\"elementor-element elementor-element-5066331 elementor-widget elementor-widget-text-editor\" data-id=\"5066331\" data-element_type=\"widget\" data-widget_type=\"text-editor.default\">\n\t\t\t\t<div class=\"elementor-widget-container\">\n\t\t\t\t\t\t\t<p>Responsable: <strong>RUMCO MAX S.L<\/strong> NIF B06970867, C\/ DEL VALL 5, 4\u00ba, 08221- TERRASA. La finalidad del tratamiento de los datos para la que usted da su consentimiento ser\u00e1 la de gestionar los datos de los clientes\/usuarios que accedan al formulario de contacto de la p\u00e1gina web de la entidad, contestar sus consultas y\/o enviar publicidad de productos o servicios que puedan ser de su inter\u00e9s. Los datos proporcionados se conservar\u00e1n mientras no solicite el cese de la actividad y no se ceder\u00e1n a terceros, salvo obligaci\u00f3n legal. Ud. tiene derecho al acceso, rectificaci\u00f3n o a solicitar su supresi\u00f3n cuando los datos ya no sean necesarios para los fines que fueron recogidos en los t\u00e9rminos previstos en la Ley, que podr\u00e1 ejercitar mediante escrito dirigido al responsable de los mismos en la direcci\u00f3n de e-Mail mateu.xavi@gmail.com.<br \/>Puede consultar informaci\u00f3n adicional en <a href=\"https:\/\/rumco.es\/es\/politica-de-privacidad\/\">https:\/\/rumco.es\/es\/politica-de-privacidad\/<\/a>. En cumplimiento del art\u00edculo 10 de la Ley 34\/2002, de 11 de julio, de Servicios de la Sociedad de la Informaci\u00f3n y Comercio Electr\u00f3nico (LSSICE), te informamos de los datos que identifican a la entidad titular de la web <u>www.rumco.es.<\/u><\/p><ul><li><strong>Identidad del Responsable:<\/strong> Rumco Max S.L.<strong><br \/><\/strong><\/li><li><strong>Nombre comercial:<\/strong>\u00a0RUMCO<\/li><li><strong>Direcci\u00f3n:<\/strong> Calle del Vall, 5, 4\u00ba, 08221, Terrassa<\/li><li><strong>Correo electr\u00f3nico:<\/strong>\u00a0hola@rumco.es<\/li><\/ul><h2>Datos personales que se recaban<\/h2><p>Tienes toda la informaci\u00f3n en la\u00a0<a href=\"https:\/\/rumco.es\/es\/politica-de-privacidad\/\">Pol\u00edtica de Privacidad<\/a>.<\/p><p><strong>Rumco\u00a0<\/strong>como responsable de esta web, asumo el compromiso de procesar la informaci\u00f3n de mis usuarios con plenas garant\u00edas y cumplir con los requisitos nacionales y europeos que regulan la recopilaci\u00f3n y uso de los datos personales de mis usuarios.<\/p><p>Esta web, por tanto, cumple rigurosamente con La Ley Org\u00e1nica 15\/1999, de 13 de diciembre, de Protecci\u00f3n de Datos de Car\u00e1cter Personal (LOPD), y con el Real Decreto 1720\/2007, de 21 de diciembre, conocido como el Reglamento de desarrollo de la LOPD. Cumple tambi\u00e9n con el Reglamento (UE) 2016\/679 del Parlamento Europeo y del Consejo de 27 de abril de 2016 relativo a la protecci\u00f3n de las personas f\u00edsicas (RGPD), as\u00ed como con la Ley 34\/2002, de 11 de julio, de Servicios de la Sociedad de la Informaci\u00f3n y Comercio Electr\u00f3nico (LSSICE \u00f3 LSSI).<\/p><h2>Condiciones generales de uso<\/h2><p>Todo usuario que acceda a la web <strong>rumco.es<\/strong> acepta someterse a las Condiciones Generales vigentes en cada momento del portal <strong>r<span style=\"color: var( --e-global-color-text ); background-color: var(--ast-global-color-5);\">umco.es.<\/span><\/strong><\/p><h2>Datos personales que se recaban<\/h2><p>Tienes toda la informaci\u00f3n en la secci\u00f3n de Datos Identificativos.<\/p><h2>Compromisos y obligaciones de los usuarios<\/h2><p>El usuario se compromete a utilizar el sitio web, su informaci\u00f3n y contenidos sin contravenir la legislaci\u00f3n vigente, la buena fe y el orden p\u00fablico.<\/p><p>Queda prohibido el uso de la web, con fines il\u00edcitos o lesivos, o que, de cualquier forma, puedan causar perjuicio o impedir el normal funcionamiento del sitio web. Respecto de los contenidos de esta web, se proh\u00edbe:<\/p><ul><li>Su reproducci\u00f3n, distribuci\u00f3n o modificaci\u00f3n, total o parcial, a menos que se cuente con mi autorizaci\u00f3n como leg\u00edtimo titular;<\/li><li>Cualquier vulneraci\u00f3n de los derechos del prestador o de mi como leg\u00edtimo titular;<\/li><li>Su utilizaci\u00f3n para fines comerciales o publicitarios.<\/li><\/ul><p>En la utilizaci\u00f3n de la web, <strong>www.rumco.es<\/strong> el usuario se compromete a no llevar a cabo\u00a0<strong>ninguna conducta<\/strong>\u00a0que pudiera da\u00f1ar la imagen, los intereses y los derechos de <strong>rumco.es\u00a0<\/strong>o de terceros o que pudiera da\u00f1ar, inutilizar o sobrecargar el portal <strong>www.rumco.es<\/strong> o que impidiera, de cualquier forma, la normal utilizaci\u00f3n de la web.<\/p><p>No obstante, el usuario debe ser consciente de que las medidas de seguridad de los sistemas inform\u00e1ticos en Internet no son enteramente fiables y que, por tanto <strong>rumco.es<\/strong> no puede garantizar la inexistencia de malware u otros elementos que puedan producir alteraciones en los sistemas inform\u00e1ticos (software y hardware) del usuario o en sus documentos electr\u00f3nicos y ficheros contenidos en los mismos aunque pongo todos los medios necesarios y las medidas de seguridad oportunas para evitar la presencia de estos elementos da\u00f1inos.<\/p><h2>Anuncios patrocinados, enlaces de afiliados y publicidad<\/h2><p><strong>Rumco.es\u00a0<\/strong>ofrece a los usuarios contenidos patrocinados, anuncios y\/o enlaces de afiliados.<\/p><p>Entre los enlaces facilitados, existe la posibilidad de informar y de referenciar productos y\/o servicios y\/o info productos. En estos \u00faltimos casos, esa solicitud ser\u00e1 remitida a terceros, como son:<\/p><p>La informaci\u00f3n que aparezcan en estos enlaces de afiliados o informaci\u00f3n insertada es de los propios anunciantes, por lo que<strong> rumco.es\u00a0<\/strong>no se hace responsable de posibles inexactitudes o errores que pudiera contener dicha informaci\u00f3n, ni garantiza en modo alguno la experiencia, integridad o responsabilidad de los anunciantes o la calidad de sus productos.<\/p><p>Los anuncios o informaci\u00f3n permanecer\u00e1n publicados en el portal hasta que sean eliminados o suspendidos por parte del anunciante o de <strong>rumco.es<\/strong>, que l\u00f3gicamente no ser\u00e1 responsable de que, una vez eliminados, los anuncios contin\u00faen siendo indexados en buscadores ajenos a este portal.<\/p><p>Cualquier relaci\u00f3n contractual o extracontractual que el usuario formalice con los anunciantes, afiliados o terceras personas contactadas a trav\u00e9s de este portal se entienden realizados \u00fanica y exclusivamente entre el usuario y el anunciante y\/o tercera persona. El usuario sabe y acepta que <strong>www.rumco.es<\/strong> \u00fanicamente act\u00faa como intermediario o medio publicitario y que por tanto no tiene ning\u00fan tipo de responsabilidad sobre los da\u00f1os o perjuicios de cualquier naturaleza ocasionados con motivo de sus negociaciones, conversaciones y\/o relaciones contractuales o extracontractuales con los anunciantes o terceras personas f\u00edsicas o jur\u00eddicas contactadas a trav\u00e9s de este portal.<\/p><h2>Medidas de seguridad<\/h2><p>No se recaban datos personales del usuario, por lo que no existir\u00e1n comunicados por el usuario a <strong>rumco.es\u00a0<\/strong>ni ser\u00e1n almacenados en bases de datos automatizadas.<\/p><h2>Derechos de propiedad intelectual e industrial<\/h2><p>En virtud de lo dispuesto en los art\u00edculos 8 y 32.1, p\u00e1rrafo segundo, de la Ley de Propiedad Intelectual, quedan expresamente prohibidas la reproducci\u00f3n, la distribuci\u00f3n y la comunicaci\u00f3n p\u00fablica, incluida su modalidad de puesta a disposici\u00f3n, de la totalidad o parte de los contenidos de esta p\u00e1gina web, con fines comerciales, en cualquier soporte y por cualquier medio t\u00e9cnico, sin la autorizaci\u00f3n de <span style=\"font-weight: bold;\">Rumco<\/span>. El usuario se compromete a respetar los derechos de Propiedad Intelectual e Industrial titularidad de<b> Rumco<\/b>.<\/p><p>El usuario conoce y acepta que la totalidad del sitio web, conteniendo sin car\u00e1cter exhaustivo el texto, software, contenidos (incluyendo estructura, selecci\u00f3n, ordenaci\u00f3n y presentaci\u00f3n de los mismos) podcast, fotograf\u00edas, material audiovisual y gr\u00e1ficos, est\u00e1 protegida por marcas, derechos de autor y otros derechos leg\u00edtimos, de acuerdo con los tratados internacionales en los que Espa\u00f1a es parte y otros derechos de propiedad y leyes de Espa\u00f1a.<\/p><p>En el caso de que un usuario o un tercero consideren que se ha producido una violaci\u00f3n de sus leg\u00edtimos derechos de propiedad intelectual por la introducci\u00f3n de un determinado contenido en la web, deber\u00e1 notificar dicha circunstancia a <span style=\"font-weight: bold;\">Rumco<\/span><strong>\u00a0<\/strong>indicando:<\/p><ul><li>Datos personales del interesado titular de los derechos presuntamente infringidos, o indicar la representaci\u00f3n con la que act\u00faa en caso de que la reclamaci\u00f3n la presente un tercero distinto del interesado.<\/li><li>Se\u00f1alar los contenidos protegidos por los derechos de propiedad intelectual y su ubicaci\u00f3n en la web, la acreditaci\u00f3n de los derechos de propiedad intelectual se\u00f1alados y declaraci\u00f3n expresa en la que el interesado se responsabiliza de la veracidad de las informaciones facilitadas en la notificaci\u00f3n.<\/li><\/ul><h2>Enlaces externos<\/h2><p>Las p\u00e1ginas de la web<strong> www.<\/strong><span style=\"font-weight: bold;\">rumco.es<\/span>\u00a0proporciona enlaces a otros sitios web propios y contenidos que son propiedad de terceros tales como:<\/p><ul><li>Herramientas<\/li><li>Recursos<\/li><li>Contenido de otras webs o blogs<\/li><li>Enlaces de afiliados<\/li><\/ul><h2>Exclusi\u00f3n de garant\u00edas y responsable<\/h2><p><strong>Rumco\u00a0<\/strong><strong>no otorga ninguna garant\u00eda ni se hace responsable, en ning\u00fan caso, de los da\u00f1os y perjuicios de cualquier naturaleza que pudieran traer causa de:<\/strong><\/p><ul><li>La falta de disponibilidad, mantenimiento y efectivo funcionamiento de la web, o de sus servicios y contenidos;<\/li><li>La existencia de malware, programas maliciosos o lesivos en los contenidos;<\/li><li>El uso il\u00edcito, negligente, fraudulento o contrario a este Aviso Legal;<\/li><li>La falta de licitud, calidad, fiabilidad, utilidad y disponibilidad de los servicios prestados por terceros y puestos a disposici\u00f3n de los usuarios en el sitio web.<\/li><li>El prestador no se hace responsable bajo ning\u00fan concepto de los da\u00f1os que pudieran dimanar del uso ilegal o indebido de la presente p\u00e1gina web.<\/li><\/ul><h2>Ley aplicable y jurisdicci\u00f3n<\/h2><p>No existen relaciones comerciales entre\u00a0<span style=\"font-weight: bold;\">rumco<\/span><strong>\u00a0<\/strong>con los usuarios ni se ofrecen servicios telem\u00e1ticos. Solo ser\u00edan los anunciantes o afiliados los que se encontrar\u00edan sometidos a la legislaci\u00f3n y jurisdicci\u00f3n correspondiente.<\/p><h2>Contacto<\/h2><p>En caso de que cualquier usuario tuviese alguna duda o cualquier comentario sobre el portal<strong> rumco.es<\/strong>, por favor dir\u00edjase a <strong>hola@rumco.es<\/strong><\/p>\t\t\t\t\t\t<\/div>\n\t\t\t\t<\/div>\n\t\t\t\t\t<\/div>\n\t\t<\/div>\n\t\t\t\t\t\t\t<\/div>\n\t\t<\/section>\n\t\t\t\t\t\t\t<\/div>\n\t\t","protected":false},"excerpt":{"rendered":"<p>Aviso legal y condiciones de uso Responsable: RUMCO MAX S.L NIF B06970867, C\/ DEL VALL 5, 4\u00ba, 08221- TERRASA. La [&hellip;]<\/p>\n","protected":false},"author":1,"featured_media":0,"parent":0,"menu_order":0,"comment_status":"closed","ping_status":"closed","template":"","meta":{"_mi_skip_tracking":false,"_monsterinsights_sitenote_active":false,"_monsterinsights_sitenote_note":"","_monsterinsights_sitenote_category":0,"site-sidebar-layout":"no-sidebar","site-content-layout":"page-builder","ast-site-content-layout":"","site-content-style":"default","site-sidebar-style":"default","ast-global-header-display":"","ast-banner-title-visibility":"","ast-main-header-display":"","ast-hfb-above-header-display":"","ast-hfb-below-header-display":"","ast-hfb-mobile-header-display":"","site-post-title":"disabled","ast-breadcrumbs-content":"","ast-featured-img":"disabled","footer-sml-layout":"","theme-transparent-header-meta":"","adv-header-id-meta":"","stick-header-meta":"","header-above-stick-meta":"","header-main-stick-meta":"","header-below-stick-meta":"","astra-migrate-meta-layouts":"default","ast-page-background-enabled":"default","ast-page-background-meta":{"desktop":{"background-color":"var(--ast-global-color-4)","background-image":"","background-repeat":"repeat","background-position":"center center","background-size":"auto","background-attachment":"scroll","background-type":"","background-media":"","overlay-type":"","overlay-color":"","overlay-opacity":"","overlay-gradient":""},"tablet":{"background-color":"","background-image":"","background-repeat":"repeat","background-position":"center center","background-size":"auto","background-attachment":"scroll","background-type":"","background-media":"","overlay-type":"","overlay-color":"","overlay-opacity":"","overlay-gradient":""},"mobile":{"background-color":"","background-image":"","background-repeat":"repeat","background-position":"center center","background-size":"auto","background-attachment":"scroll","background-type":"","background-media":"","overlay-type":"","overlay-color":"","overlay-opacity":"","overlay-gradient":""}},"ast-content-background-meta":{"desktop":{"background-color":"var(--ast-global-color-5)","background-image":"","background-repeat":"repeat","background-position":"center center","background-size":"auto","background-attachment":"scroll","background-type":"","background-media":"","overlay-type":"","overlay-color":"","overlay-opacity":"","overlay-gradient":""},"tablet":{"background-color":"var(--ast-global-color-5)","background-image":"","background-repeat":"repeat","background-position":"center center","background-size":"auto","background-attachment":"scroll","background-type":"","background-media":"","overlay-type":"","overlay-color":"","overlay-opacity":"","overlay-gradient":""},"mobile":{"background-color":"var(--ast-global-color-5)","background-image":"","background-repeat":"repeat","background-position":"center center","background-size":"auto","background-attachment":"scroll","background-type":"","background-media":"","overlay-type":"","overlay-color":"","overlay-opacity":"","overlay-gradient":""}},"footnotes":""},"yoast_head":"<!-- This site is optimized with the Yoast SEO plugin v21.3 - https:\/\/yoast.com\/wordpress\/plugins\/seo\/ -->\n<title>Aviso legal y condiciones de uso - Rumco<\/title>\n<meta name=\"robots\" content=\"noindex, nofollow\" \/>\n<meta property=\"og:locale\" content=\"es_ES\" \/>\n<meta property=\"og:type\" content=\"article\" \/>\n<meta property=\"og:title\" content=\"Aviso legal y condiciones de uso - Rumco\" \/>\n<meta property=\"og:description\" content=\"Aviso legal y condiciones de uso Responsable: RUMCO MAX S.L NIF B06970867, C\/ DEL VALL 5, 4\u00ba, 08221- TERRASA. La [&hellip;]\" \/>\n<meta property=\"og:url\" content=\"https:\/\/rumco.es\/avis-legal-i-condicions-dus\/\" \/>\n<meta property=\"og:site_name\" content=\"Rumco\" \/>\n<meta property=\"article:modified_time\" content=\"2024-12-16T10:50:18+00:00\" \/>\n<meta name=\"twitter:card\" content=\"summary_large_image\" \/>\n<meta name=\"twitter:label1\" content=\"Tiempo de lectura\" \/>\n\t<meta name=\"twitter:data1\" content=\"7 minutos\" \/>\n<script type=\"application\/ld+json\" class=\"yoast-schema-graph\">{\"@context\":\"https:\/\/schema.org\",\"@graph\":[{\"@type\":\"WebPage\",\"@id\":\"https:\/\/rumco.es\/avis-legal-i-condicions-dus\/\",\"url\":\"https:\/\/rumco.es\/avis-legal-i-condicions-dus\/\",\"name\":\"Aviso legal y condiciones de uso - Rumco\",\"isPartOf\":{\"@id\":\"https:\/\/rumco.es\/#website\"},\"datePublished\":\"2022-06-30T01:42:21+00:00\",\"dateModified\":\"2024-12-16T10:50:18+00:00\",\"breadcrumb\":{\"@id\":\"https:\/\/rumco.es\/avis-legal-i-condicions-dus\/#breadcrumb\"},\"inLanguage\":\"es\",\"potentialAction\":[{\"@type\":\"ReadAction\",\"target\":[\"https:\/\/rumco.es\/avis-legal-i-condicions-dus\/\"]}]},{\"@type\":\"BreadcrumbList\",\"@id\":\"https:\/\/rumco.es\/avis-legal-i-condicions-dus\/#breadcrumb\",\"itemListElement\":[{\"@type\":\"ListItem\",\"position\":1,\"name\":\"Home\",\"item\":\"https:\/\/rumco.es\/es\/\"},{\"@type\":\"ListItem\",\"position\":2,\"name\":\"Aviso legal y condiciones de uso\"}]},{\"@type\":\"WebSite\",\"@id\":\"https:\/\/rumco.es\/#website\",\"url\":\"https:\/\/rumco.es\/\",\"name\":\"Rumco\",\"description\":\"\",\"publisher\":{\"@id\":\"https:\/\/rumco.es\/#organization\"},\"potentialAction\":[{\"@type\":\"SearchAction\",\"target\":{\"@type\":\"EntryPoint\",\"urlTemplate\":\"https:\/\/rumco.es\/?s={search_term_string}\"},\"query-input\":\"required name=search_term_string\"}],\"inLanguage\":\"es\"},{\"@type\":\"Organization\",\"@id\":\"https:\/\/rumco.es\/#organization\",\"name\":\"Rumco\",\"url\":\"https:\/\/rumco.es\/\",\"logo\":{\"@type\":\"ImageObject\",\"inLanguage\":\"es\",\"@id\":\"https:\/\/rumco.es\/#\/schema\/logo\/image\/\",\"url\":\"https:\/\/rumco.es\/wp-content\/uploads\/2023\/02\/logo-rumco-white-no-lema.svg\",\"contentUrl\":\"https:\/\/rumco.es\/wp-content\/uploads\/2023\/02\/logo-rumco-white-no-lema.svg\",\"caption\":\"Rumco\"},\"image\":{\"@id\":\"https:\/\/rumco.es\/#\/schema\/logo\/image\/\"}}]}<\/script>\n<!-- \/ Yoast SEO plugin. -->","yoast_head_json":{"title":"Aviso legal y condiciones de uso - Rumco","robots":{"index":"noindex","follow":"nofollow"},"og_locale":"es_ES","og_type":"article","og_title":"Aviso legal y condiciones de uso - Rumco","og_description":"Aviso legal y condiciones de uso Responsable: RUMCO MAX S.L NIF B06970867, C\/ DEL VALL 5, 4\u00ba, 08221- TERRASA. La [&hellip;]","og_url":"https:\/\/rumco.es\/avis-legal-i-condicions-dus\/","og_site_name":"Rumco","article_modified_time":"2024-12-16T10:50:18+00:00","twitter_card":"summary_large_image","twitter_misc":{"Tiempo de lectura":"7 minutos"},"schema":{"@context":"https:\/\/schema.org","@graph":[{"@type":"WebPage","@id":"https:\/\/rumco.es\/avis-legal-i-condicions-dus\/","url":"https:\/\/rumco.es\/avis-legal-i-condicions-dus\/","name":"Aviso legal y condiciones de uso - Rumco","isPartOf":{"@id":"https:\/\/rumco.es\/#website"},"datePublished":"2022-06-30T01:42:21+00:00","dateModified":"2024-12-16T10:50:18+00:00","breadcrumb":{"@id":"https:\/\/rumco.es\/avis-legal-i-condicions-dus\/#breadcrumb"},"inLanguage":"es","potentialAction":[{"@type":"ReadAction","target":["https:\/\/rumco.es\/avis-legal-i-condicions-dus\/"]}]},{"@type":"BreadcrumbList","@id":"https:\/\/rumco.es\/avis-legal-i-condicions-dus\/#breadcrumb","itemListElement":[{"@type":"ListItem","position":1,"name":"Home","item":"https:\/\/rumco.es\/es\/"},{"@type":"ListItem","position":2,"name":"Aviso legal y condiciones de uso"}]},{"@type":"WebSite","@id":"https:\/\/rumco.es\/#website","url":"https:\/\/rumco.es\/","name":"Rumco","description":"","publisher":{"@id":"https:\/\/rumco.es\/#organization"},"potentialAction":[{"@type":"SearchAction","target":{"@type":"EntryPoint","urlTemplate":"https:\/\/rumco.es\/?s={search_term_string}"},"query-input":"required name=search_term_string"}],"inLanguage":"es"},{"@type":"Organization","@id":"https:\/\/rumco.es\/#organization","name":"Rumco","url":"https:\/\/rumco.es\/","logo":{"@type":"ImageObject","inLanguage":"es","@id":"https:\/\/rumco.es\/#\/schema\/logo\/image\/","url":"https:\/\/rumco.es\/wp-content\/uploads\/2023\/02\/logo-rumco-white-no-lema.svg","contentUrl":"https:\/\/rumco.es\/wp-content\/uploads\/2023\/02\/logo-rumco-white-no-lema.svg","caption":"Rumco"},"image":{"@id":"https:\/\/rumco.es\/#\/schema\/logo\/image\/"}}]}},"_links":{"self":[{"href":"https:\/\/rumco.es\/es\/wp-json\/wp\/v2\/pages\/1459"}],"collection":[{"href":"https:\/\/rumco.es\/es\/wp-json\/wp\/v2\/pages"}],"about":[{"href":"https:\/\/rumco.es\/es\/wp-json\/wp\/v2\/types\/page"}],"author":[{"embeddable":true,"href":"https:\/\/rumco.es\/es\/wp-json\/wp\/v2\/users\/1"}],"replies":[{"embeddable":true,"href":"https:\/\/rumco.es\/es\/wp-json\/wp\/v2\/comments?post=1459"}],"version-history":[{"count":18,"href":"https:\/\/rumco.es\/es\/wp-json\/wp\/v2\/pages\/1459\/revisions"}],"predecessor-version":[{"id":9214,"href":"https:\/\/rumco.es\/es\/wp-json\/wp\/v2\/pages\/1459\/revisions\/9214"}],"wp:attachment":[{"href":"https:\/\/rumco.es\/es\/wp-json\/wp\/v2\/media?parent=1459"}],"curies":[{"name":"wp","href":"https:\/\/api.w.org\/{rel}","templated":true}]}}